{"id":398,"date":"2023-01-16T16:57:17","date_gmt":"2023-01-16T16:57:17","guid":{"rendered":"https:\/\/railworkshop.com\/?post_type=product&#038;p=398"},"modified":"2023-01-16T17:09:10","modified_gmt":"2023-01-16T17:09:10","slug":"litra-sa-original-1995-1996-repaint","status":"publish","type":"product","link":"https:\/\/railworkshop.com\/en\/product\/litra-sa-original-1995-1996-repaint\/","title":{"rendered":"Litra SA Original 1995 &#038; 1996 (Repaint)"},"content":{"rendered":"<p>I denne pakke medf\u00f8lger 2 reskins af Dandings SA\/SE i de originale farver, der medf\u00f8lger ogs\u00e5<br \/>\nen k\u00f8replan til linje A+<\/p>\n<p>Repaint udviklet af David \u00d8land Nielsen<\/p>","protected":false},"excerpt":{"rendered":"<p>I denne pakke medf\u00f8lger 2 reskins af Dandings SA\/SE i de originale farver, der medf\u00f8lger ogs\u00e5 en k\u00f8replan til linje A+ Repaint udviklet af David \u00d8land Nielsen<\/p>","protected":false},"featured_media":402,"comment_status":"open","ping_status":"closed","template":"","meta":[],"product_cat":[35],"product_tag":[],"_links":{"self":[{"href":"https:\/\/railworkshop.com\/en\/wp-json\/wp\/v2\/product\/398"}],"collection":[{"href":"https:\/\/railworkshop.com\/en\/wp-json\/wp\/v2\/product"}],"about":[{"href":"https:\/\/railworkshop.com\/en\/wp-json\/wp\/v2\/types\/product"}],"replies":[{"embeddable":true,"href":"https:\/\/railworkshop.com\/en\/wp-json\/wp\/v2\/comments?post=398"}],"wp:featuredmedia":[{"embeddable":true,"href":"https:\/\/railworkshop.com\/en\/wp-json\/wp\/v2\/media\/402"}],"wp:attachment":[{"href":"https:\/\/railworkshop.com\/en\/wp-json\/wp\/v2\/media?parent=398"}],"wp:term":[{"taxonomy":"product_cat","embeddable":true,"href":"https:\/\/railworkshop.com\/en\/wp-json\/wp\/v2\/product_cat?post=398"},{"taxonomy":"product_tag","embeddable":true,"href":"https:\/\/railworkshop.com\/en\/wp-json\/wp\/v2\/product_tag?post=398"}],"curies":[{"name":"wp","href":"https:\/\/api.w.org\/{rel}","templated":true}]}}