{"id":148,"date":"2022-07-30T19:17:07","date_gmt":"2022-07-30T19:17:07","guid":{"rendered":"https:\/\/railworkshop.com\/?page_id=148"},"modified":"2022-11-29T11:57:38","modified_gmt":"2022-11-29T11:57:38","slug":"privatlivspolitik","status":"publish","type":"page","link":"https:\/\/railworkshop.com\/en\/privatlivspolitik\/","title":{"rendered":"Privatlivspolitik"},"content":{"rendered":"<h3 class=\"wp-block-heading\">Hvem er vi<\/h3>\n\n\n\n<p>Webstedsadresse er: https:\/\/railworkshop.com. Udvikler af Train Simulator (Railworks) produkter. Kontakt: admin@railworkshop.com<\/p>\n\n\n\n<h3 class=\"wp-block-heading\">Kommentarer<\/h3>\n\n\n\n<p>N\u00e5r bes\u00f8gende skriver kommentarer p\u00e5 webstedet, indsamler vi de data, som vises i kommentarformularen, og ogs\u00e5 den bes\u00f8gendes IP-adresse og browserens user agent string for at hj\u00e6lpe med at opdage spam.<\/p>\n\n\n\n<p>En anonymiseret streng som er oprettet ud fra din e-mailadresse (ogs\u00e5 kaldet et hash), kan leveres til Gravatar tjenesten for at se om du bruger denne. Gravatar tjenestens privatlivspolitik er tilg\u00e6ngelig her: https:\/\/automattic.com\/privacy\/. Efter godkendelse af din kommentar, vil dit profilbillede v\u00e6re synligt for offentligheden sammen med din kommentar.<\/p>\n\n\n\n<h3 class=\"wp-block-heading\">Medier<\/h3>\n\n\n\n<p>Hvis du uploader billeder til webstedet, s\u00e5 b\u00f8r du undlade at uploade billeder med indlejrede lokalitetsdata (EXIF GPS) inkluderet. Bes\u00f8gende p\u00e5 webstedet kan downloade og udtr\u00e6kke alle lokalitetsdata fra billeder p\u00e5 webstedet.<\/p>\n\n\n\n<h3 class=\"wp-block-heading\">Cookies<\/h3>\n\n\n\n<p>Hvis du skriver en kommentar p\u00e5 vores websted, kan du v\u00e6lge at gemme dit navn, e-mailadresse og websted i cookies. Disse er til din bekvemmeligehed, s\u00e5 du ikke skal udfylde dine oplysninger igen, n\u00e5r du skriver endnu en kommentar. Disse cookies vil holde i et \u00e5r.<\/p>\n\n\n\n<p>Hvis du bes\u00f8ger vores loginside, opretter vi en midlertidig cookie for at afg\u00f8re om din browser accepterer cookies. Denne cookie indeholder ingen personlige data og slettes, n\u00e5r du lukker din browser.<\/p>\n\n\n\n<p>N\u00e5r du logger ind, vil vi ops\u00e6tte en r\u00e6kke cookies og gemme din logininformation og dine valg af sk\u00e6rmvisning. Login cookies holder i to dage, og sk\u00e6rmvalg cookies holder i et \u00e5r. Hvis du v\u00e6lger &#8220;Husk mig&#8221;, vil dit login holde i to uger. Hvis du logger ud af din konto, vil login cookierne forsvinde.<\/p>\n\n\n\n<p>Hvis du redigerer eller udgiver en artikel, vil en yderligere cookie blive gemt i din browser. Denne cookie indeholder ikke nogle personlige data og opgiver simpelthen indl\u00e6gsID p\u00e5 den artikel, du lige har redigeret. Den udl\u00f8ber efter 1 dag.<\/p>\n\n\n\n<h3 class=\"wp-block-heading\">Indlejret indhold fra andre websteder<\/h3>\n\n\n\n<p>Artikler p\u00e5 dette websted kan indeholde indlejret indhold (f.eks. videoer, billeder, artikler osv.). Indlejret indhold fra andre websteder opf\u00f8rer sig p\u00e5 n\u00f8jagtig samme m\u00e5de, som hvis den bes\u00f8gende har bes\u00f8gt det andet websted.<\/p>\n\n\n\n<p>Disse websteder indsamler m\u00e5ske data om dig, bruger cookies, indlejrer ekstra tredjeparts sporing, og overv\u00e5ger din interaktion med dette indlejrede indhold, heriblandt at spore din interaktion med indlejret indhold, hvis du har en konto og en logget ind p\u00e5 det websted.<\/p>\n\n\n\n<h3 class=\"wp-block-heading\">Hvem vi deler dine data med<\/h3>\n\n\n\n<p>Hvis du anmoder om en nulstilling af adgangskoden, medtages din IP-adresse i e-mailen med nustillingen.<\/p>\n\n\n\n<h3 class=\"wp-block-heading\">Hvor l\u00e6nge vi gemmer dine data<\/h3>\n\n\n\n<p>Hvis du skriver en kommentar, s\u00e5 bliver kommentarer og dens metadata bevaret p\u00e5 ubestemt tid. Dette er s\u00e5 vi kan genkende og godkende enhver opf\u00f8lgende kommentar automatisk i stedet for at have dem i en moderationsk\u00f8.<\/p>\n\n\n\n<p>For brugere som opretter sig p\u00e5 vores websted (om nogen), gemmer vi ogs\u00e5 den personlige information de giver til deres brugerprofil. Alle brugere kan se, redigere, eller slette deres personlige information til enhver tid (med den undtagelse at de ikke kan \u00e6ndre deres brugernavn). Webstedets administratorer kan ogs\u00e5 se og redigere den information.<\/p>\n\n\n\n<h3 class=\"wp-block-heading\">Hvilke rettigheder har du over dine data<\/h3>\n\n\n\n<p>Hvis du har en konto p\u00e5 dette websted, eller har skrevet kommentarer, kan du bede om en eksporteret fil med de personlige data vi har liggende om dig, heriblandt alt data, du har givet os. Du kan ogs\u00e5 bede om, at vi sletter alle personlige data, vi har om dig. Dette indbefatter ikke nogen form for data, som vi er forpligtede til at gemme af administrative, lovm\u00e6ssige eller sikkerhedsm\u00e6ssige grunde.<\/p>\n\n\n\n<h3 class=\"wp-block-heading\">Where your data is sent<\/h3>\n\n\n\n<p>Bes\u00f8gendes kommentarer kan muligvis blive kontrolleret af en automatisk spam-genkendelse tjeneste.<\/p>\n\n\n\n<h1 class=\"wp-block-heading\">WooCommerce<\/h1>\n\n\n\n<h3 class=\"wp-block-heading\">Informationer som vi samler og gemmer<\/h3>\n\n\n\n<p>N\u00e5r du bes\u00f8ger vores webshop, vil vi spore:<\/p>\n\n\n\n<ul>\n<li>Varer som du har set: Vi vil bruge denne information til eksempelvist at vise dig varer, som du har set for nylig.<\/li>\n\n\n\n<li>Lokation, IP-adresse og browsertype: Vi vil bruge disse informationer til form\u00e5l s\u00e5som beregning af moms og forsendelse.<\/li>\n\n\n\n<li>Leveringsadresse: Vi vil anmode dig om at indtaste denne, s\u00e5 vi eksempelvist kan beregne forsendelsesomkostninger, inden du afgiver en ordre, og sender dig ordren.<\/li>\n<\/ul>\n\n\n\n<p>Vi bruger ogs\u00e5 cookies til at holde styr p\u00e5 indholdet i kurven, mens du bruger vores webshop.<\/p>\n\n\n\n<p>Bem\u00e6rkning: Du kan beskrive din cookie politik yderligere og linke til denne del herfra.<\/p>\n\n\n\n<p>N\u00e5r du k\u00f8ber varer af os, vil vi bede dig om at give os information, der omfatter dit navn, faktureringsadresse, leveringsadresse, e-mailadresse, telefonnummer, kreditkort\/betalingsinformationer og valgfri kontoinformation som brugernavn og adgangskode. Vi vil bruge denne information til form\u00e5l s\u00e5som til:<\/p>\n\n\n\n<ul>\n<li>Sender dig information om din konto og ordre<\/li>\n\n\n\n<li>Svar p\u00e5 dine henvendelser og foresp\u00f8rgsler, herunder refunderinger og klager<\/li>\n\n\n\n<li>Behandle betalinger og forhindre svig<\/li>\n\n\n\n<li>Ops\u00e6t din konto til vores webshop<\/li>\n\n\n\n<li>Overholder alle juridiske forpligtelser, som vi har, s\u00e5som beregning af moms og gebyrer<\/li>\n\n\n\n<li>Forbedre vores tilbud i webshoppen<\/li>\n\n\n\n<li>Sender dig markedsf\u00f8ringsbeskeder, hvis du v\u00e6lger at modtage dem.<\/li>\n<\/ul>\n\n\n\n<p>Hvis du opretter en konto, vil vi gemme dit navn, adresse, e-mailadresse og telefonnummer, som vil blive anvendt til at udfylde indtastningsfelter ved bestilling af ordrer fremover.<\/p>\n\n\n\n<p>Generelt gemmer vi information om dig s\u00e5 l\u00e6nge, som vi har behov for informationen til de form\u00e5l, for hvilke vi indsamler og bruger informationerne, og vi er ikke juridisk forpligtet til at forts\u00e6tte med at gemme dem. Fx vil vi gemme ordreinformationer s\u00e5 l\u00e6nge det er kr\u00e6vet if\u00f8lge regnskabsloven i forhold til moms og regnskab. Dette inkluderer dit navn, e-mailadresse samt faktureringsadresse og leveringsadresse.<\/p>\n\n\n\n<p>Vi vil ogs\u00e5 gemme kommentarer og anmeldelser, hvis du \u00f8nsker at tilf\u00f8je dem.<\/p>\n\n\n\n<h3 class=\"wp-block-heading\">Hvilke medarbejdere der har adgang<\/h3>\n\n\n\n<p>Medarbejdere har adgang til informationen, som du giver os. Fx har administratorer s\u00e5vel som webshopledere adgang til:<\/p>\n\n\n\n<ul>\n<li>Ordreinformation s\u00e5som hvad der blev k\u00f8bt, hvorn\u00e5r det blev k\u00f8bt og hvortil, det skulle sendes, og<\/li>\n\n\n\n<li>Kundeinformation s\u00e5som dit navn, e-mailadresse samt information om fakturering og forsendelse.<\/li>\n<\/ul>\n\n\n\n<p>Vores medarbejdere har adgang til denne information for at kunne gennemf\u00f8re ordrer, h\u00e5ndtere refunderinger og supportere dig.<\/p>\n\n\n\n<h3 class=\"wp-block-heading\">Hvilke informationer vi deler med andre<\/h3>\n\n\n\n<p>Vi deler information med tredjepartsfirmaer, som hj\u00e6lper os med at h\u00e5ndtere vores ordrer og services til dig.<\/p>\n\n\n\n<h3 class=\"wp-block-heading\">Betalinger<\/h3>\n\n\n\n<p>Vi modtager betalinger via Stripe og PayPal. Ved gennemf\u00f8relse af betalinger, vil nogle af dine data blive videregivet til Stripe eller PayPal, inklusiv information der er n\u00f8dvendig for at gennemf\u00f8re eller underst\u00f8tte betalingen, s\u00e5som det totale k\u00f8bsbel\u00f8b og faktureringsinformation.<\/p>\n\n\n\n<p>Se venligst&nbsp;<a href=\"https:\/\/www.paypal.com\/us\/webapps\/mpp\/ua\/privacy-full\">PayPal Persondata Politik<\/a>&nbsp;for flere informationer.<\/p>","protected":false},"excerpt":{"rendered":"<p>Hvem er vi Webstedsadresse er: https:\/\/railworkshop.com. Udvikler af Train Simulator (Railworks) produkter. Kontakt: admin@railworkshop.com Kommentarer N\u00e5r bes\u00f8gende skriver kommentarer p\u00e5 webstedet, indsamler vi de data, som vises i kommentarformularen, og ogs\u00e5 den bes\u00f8gendes IP-adresse og browserens user agent string for at hj\u00e6lpe med at opdage spam. En anonymiseret streng som er oprettet ud fra din [&hellip;]<\/p>\n","protected":false},"author":1,"featured_media":0,"parent":0,"menu_order":0,"comment_status":"closed","ping_status":"closed","template":"","meta":{"footnotes":""},"_links":{"self":[{"href":"https:\/\/railworkshop.com\/en\/wp-json\/wp\/v2\/pages\/148"}],"collection":[{"href":"https:\/\/railworkshop.com\/en\/wp-json\/wp\/v2\/pages"}],"about":[{"href":"https:\/\/railworkshop.com\/en\/wp-json\/wp\/v2\/types\/page"}],"author":[{"embeddable":true,"href":"https:\/\/railworkshop.com\/en\/wp-json\/wp\/v2\/users\/1"}],"replies":[{"embeddable":true,"href":"https:\/\/railworkshop.com\/en\/wp-json\/wp\/v2\/comments?post=148"}],"version-history":[{"count":6,"href":"https:\/\/railworkshop.com\/en\/wp-json\/wp\/v2\/pages\/148\/revisions"}],"predecessor-version":[{"id":223,"href":"https:\/\/railworkshop.com\/en\/wp-json\/wp\/v2\/pages\/148\/revisions\/223"}],"wp:attachment":[{"href":"https:\/\/railworkshop.com\/en\/wp-json\/wp\/v2\/media?parent=148"}],"curies":[{"name":"wp","href":"https:\/\/api.w.org\/{rel}","templated":true}]}}